{"id":1746,"date":"2019-03-07T22:42:23","date_gmt":"2019-03-07T21:42:23","guid":{"rendered":"http:\/\/p4431.phpnet.org\/transfer\/"},"modified":"2019-03-07T22:43:31","modified_gmt":"2019-03-07T21:43:31","slug":"transfer","status":"publish","type":"page","link":"https:\/\/www.lcfdriver.com\/en\/transfer\/","title":{"rendered":"Transfer"},"content":{"rendered":"<h3 style=\"text-align: center;\">Transfer of people in the Provence-Alpes-C\u00f4te d&#8217;Azur region<\/h3>\n<p style=\"text-align: center;\">In <strong>Marseille, Aix en Provence<\/strong>, throughout the <strong>Provence-Alpes-C\u00f4te d&#8217;Azur<\/strong> region, move with LCF Driver&#160;: <strong>car rental with driver.<\/strong><\/p>\n<p style=\"text-align: center;\"><strong>Professionals or individuals, <\/strong>you must go<strong> to the airport, train station or sea&#160;? <\/strong><\/p>\n<p style=\"text-align: center;\">More generally, no matter where you want to go, no matter where you arrive, or where you want to be driven, adopt the easy way by entrusting this transfer to LCF Driver .<\/p>\n<h6>\n\t\t\t\t\t\t<a href=\"http:\/\/p4431.phpnet.org\/transfert-entre-marseille-centre-et-aeroport\/\" target=\"_self\" rel=\"noopener noreferrer\"><br \/>\nTransfert entre Marseille centre et a\u00e9roport\t\t\t<\/a><\/h6>\n<p><a href=\"http:\/\/p4431.phpnet.org\/transfert-entre-marseille-centre-et-aeroport\/\" target=\"_self\" rel=\"noopener noreferrer\"><br \/>\nLearn more<br \/>\n<\/a><br \/>\n<a target=\"_self\" href=\"\/?p=721\" title=\"Transport priv\u00e9 VIP \u00e0 Marseille \u2013 R\u00e9servez votre v\u00e9hicule en ligne ou par t\u00e9l\u00e9phone.\" rel=\"noopener noreferrer\"><img decoding=\"async\" src=\"http:\/\/p4431.phpnet.org\/wp-content\/uploads\/elementor\/thumbs\/photobedriven-1-o03h2x8injug4ufzhlg1x06skarjscktmyaq6fb8k4.jpg\" title=\"\" alt=\"\"><\/a><\/p>\n<h6>\n\t\t\t\t\t\t<a href=\"\/?p=721\" target=\"_self\" rel=\"noopener noreferrer\"><br \/>\nTransport priv\u00e9 VIP \u00e0 Marseille \u2013 R\u00e9servez votre v\u00e9hicule en ligne ou par t\u00e9l\u00e9phone.\t\t\t<\/a><\/h6>\n<p><a href=\"\/?p=721\" target=\"_self\" rel=\"noopener noreferrer\"><br \/>\nLearn more<br \/>\n<\/a><br \/>\n<a target=\"_self\" href=\"\/?p=715\" title=\"R\u00e9server une voiture avec chauffeur pour se rendre au Mucem \u00e0 Marseille\" rel=\"noopener noreferrer\"><img decoding=\"async\" src=\"http:\/\/p4431.phpnet.org\/wp-content\/uploads\/elementor\/thumbs\/ClassVadispoaumucem2-o03gyquca24kj8ifvsfqu251inctkrzrq9x1e5i87o.jpg\" title=\"\" alt=\"\"><\/a><\/p>\n<h6>\n\t\t\t\t\t\t<a href=\"\/?p=715\" target=\"_self\" rel=\"noopener noreferrer\"><br \/>\nR\u00e9server une voiture avec chauffeur pour se rendre au Mucem \u00e0 Marseille\t\t\t<\/a><\/h6>\n<p><a href=\"\/?p=715\" target=\"_self\" rel=\"noopener noreferrer\"><br \/>\nLearn more<br \/>\n<\/a><br \/>\n<a target=\"_self\" href=\"\/?p=709\" title=\"R\u00e9server un v\u00e9hicule avec chauffeur pour un transfert ou une mise \u00e0 disposition \u00e0 l\u2019h\u00f4tel Sofitel Vieux Port de Marseille\" rel=\"noopener noreferrer\"><img decoding=\"async\" src=\"http:\/\/p4431.phpnet.org\/wp-content\/uploads\/elementor\/thumbs\/sofitelvue-o03gvhcijrnq7z93xvndodsf9hfxum1bm4dcekcftg.jpg\" title=\"\" alt=\"\"><\/a><\/p>\n<h6>\n\t\t\t\t\t\t<a href=\"\/?p=709\" target=\"_self\" rel=\"noopener noreferrer\"><br \/>\nR\u00e9server un v\u00e9hicule avec chauffeur pour un transfert ou une mise \u00e0 disposition \u00e0 l\u2019h\u00f4tel Sofitel Vieux Port de Marseille\t\t\t<\/a><\/h6>\n<p><a href=\"\/?p=709\" target=\"_self\" rel=\"noopener noreferrer\"><br \/>\nLearn more<br \/>\n<\/a><br \/>\n<a target=\"_self\" href=\"\/?p=704\" title=\"R\u00e9server un v\u00e9hicule avec chauffeur pour transfert entre l\u2019a\u00e9roport de Marseille et l\u2019Intercontinental H\u00f4tel-Dieu \u00e0 Marseille\" rel=\"noopener noreferrer\"><img decoding=\"async\" src=\"http:\/\/p4431.phpnet.org\/wp-content\/uploads\/elementor\/thumbs\/vanalinter-o03gsfdec5h6hlous2412njhrehzu0wq701j96vi1g.jpg\" title=\"\" alt=\"\"><\/a><\/p>\n<h6>\n\t\t\t\t\t\t<a href=\"\/?p=704\" target=\"_self\" rel=\"noopener noreferrer\"><br \/>\nR\u00e9server un v\u00e9hicule avec chauffeur pour transfert entre l\u2019a\u00e9roport de Marseille et l\u2019Intercontinental H\u00f4tel-Dieu \u00e0 Marseille\t\t\t<\/a><\/h6>\n<p><a href=\"\/?p=704\" target=\"_self\" rel=\"noopener noreferrer\"><br \/>\nLearn more<br \/>\n<\/a><br \/>\n<a target=\"_self\" href=\"\/?p=698\" title=\"Transport de personnes en v\u00e9hicule avec chauffeur du port de croisi\u00e8res de Marseille vers Gordes dans le Lub\u00e9ron\" rel=\"noopener noreferrer\"><img decoding=\"async\" src=\"http:\/\/p4431.phpnet.org\/wp-content\/uploads\/elementor\/thumbs\/vanportdecroisiere800-o03goulibukwb0vwo0g5321cdm4pjhpi1ao0ia6fpw.png\" title=\"\" alt=\"\"><\/a><\/p>\n<h6>\n\t\t\t\t\t\t<a href=\"\/?p=698\" target=\"_self\" rel=\"noopener noreferrer\"><br \/>\nTransport de personnes en v\u00e9hicule avec chauffeur du port de croisi\u00e8res de Marseille vers Gordes dans le Lub\u00e9ron\t\t\t<\/a><\/h6>\n<p><a href=\"\/?p=698\" target=\"_self\" rel=\"noopener noreferrer\"><br \/>\nLearn more<br \/>\n<\/a><br \/>\n<a target=\"_self\" href=\"\/?p=692\" title=\"R\u00e9server une voiture avec chauffeur pour se rendre de l\u2019a\u00e9roport de Marseille au Vieux-Port ou centre ville de Marseille\" rel=\"noopener noreferrer\"><img decoding=\"async\" src=\"http:\/\/p4431.phpnet.org\/wp-content\/uploads\/elementor\/thumbs\/dispomucem2-0-o03gkdv3v6gv5pddqkyxqolisq4xz8zef73zfysr9w.jpg\" title=\"\" alt=\"\"><\/a><\/p>\n<h6>\n\t\t\t\t\t\t<a href=\"\/?p=692\" target=\"_self\" rel=\"noopener noreferrer\"><br \/>\nR\u00e9server une voiture avec chauffeur pour se rendre de l\u2019a\u00e9roport de Marseille au Vieux-Port ou centre ville de Marseille\t\t\t<\/a><\/h6>\n<p><a href=\"\/?p=692\" target=\"_self\" rel=\"noopener noreferrer\"><br \/>\nLearn more<br \/>\n<\/a><br \/>\n<a target=\"_self\" href=\"\/?p=685\" title=\"R\u00e9servation de v\u00e9hicule avec chauffeur pour aller de l\u2019a\u00e9roport de Marseille \u00e0 l\u2019h\u00f4tel Mercure Centre Vieux-Port\" rel=\"noopener noreferrer\"><img decoding=\"async\" src=\"http:\/\/p4431.phpnet.org\/wp-content\/uploads\/elementor\/thumbs\/mercurevieuxport800-o03gfrho9i542q31q31yzckxniwz4tmwsbn1hznfv8.jpg\" title=\"\" alt=\"\"><\/a><\/p>\n<h6>\n\t\t\t\t\t\t<a href=\"\/?p=685\" target=\"_self\" rel=\"noopener noreferrer\"><br \/>\nR\u00e9servation de v\u00e9hicule avec chauffeur pour aller de l\u2019a\u00e9roport de Marseille \u00e0 l\u2019h\u00f4tel Mercure Centre Vieux-Port\t\t\t<\/a><\/h6>\n<p><a href=\"\/?p=685\" target=\"_self\" rel=\"noopener noreferrer\"><br \/>\nLearn more<br \/>\n<\/a><\/p>\n<nav role=\"navigation\" aria-label=\"Pagination\" data-total=\"9\">\n\t\t\t\t1<br \/>\n<a class=\"page-numbers\" href=\"http:\/\/p4431.phpnet.org\/wp-admin\/admin-ajax.php\/page\/2\/\">2<\/a><br \/>\n<a class=\"page-numbers\" href=\"http:\/\/p4431.phpnet.org\/wp-admin\/admin-ajax.php\/page\/3\/\">3<\/a><br \/>\n\u2026<br \/>\n<a class=\"page-numbers\" href=\"http:\/\/p4431.phpnet.org\/wp-admin\/admin-ajax.php\/page\/9\/\">9<\/a><br \/>\n<a href=\"http:\/\/p4431.phpnet.org\/wp-admin\/admin-ajax.php\/page\/2\/\">Suivant&nbsp;&#160;\u00bb<\/a>\t\t\t<\/nav>\n","protected":false},"excerpt":{"rendered":"<p>Transfer of people in the Provence-Alpes-C\u00f4te d&#8217;Azur region In Marseille, Aix en Provence, throughout the Provence-Alpes-C\u00f4te d&#8217;Azur region, move with LCF Driver&#160;: car rental with driver. Professionals or individuals, you must go to the airport, train station or sea&#160;? More generally, no matter where you want to go, no matter where you arrive, or where [&hellip;]<\/p>\n","protected":false},"author":4,"featured_media":0,"parent":0,"menu_order":0,"comment_status":"closed","ping_status":"closed","template":"","meta":{"footnotes":""},"class_list":["post-1746","page","type-page","status-publish","hentry"],"yoast_head":"<!-- This site is optimized with the Yoast SEO plugin v26.9 - https:\/\/yoast.com\/product\/yoast-seo-wordpress\/ -->\n<title>Transfer - LCF Driver<\/title>\n<meta name=\"robots\" content=\"index, follow, max-snippet:-1, max-image-preview:large, max-video-preview:-1\" \/>\n<link rel=\"canonical\" href=\"https:\/\/www.lcfdriver.com\/en\/transfer\/\" \/>\n<meta property=\"og:locale\" content=\"en_US\" \/>\n<meta property=\"og:type\" content=\"article\" \/>\n<meta property=\"og:title\" content=\"Transfer - LCF Driver\" \/>\n<meta property=\"og:description\" content=\"Transfer of people in the Provence-Alpes-C\u00f4te d&#8217;Azur region In Marseille, Aix en Provence, throughout the Provence-Alpes-C\u00f4te d&#8217;Azur region, move with LCF Driver&#160;: car rental with driver. Professionals or individuals, you must go to the airport, train station or sea&#160;? More generally, no matter where you want to go, no matter where you arrive, or where [&hellip;]\" \/>\n<meta property=\"og:url\" content=\"https:\/\/www.lcfdriver.com\/en\/transfer\/\" \/>\n<meta property=\"og:site_name\" content=\"LCF Driver\" \/>\n<meta property=\"article:modified_time\" content=\"2019-03-07T21:43:31+00:00\" \/>\n<meta property=\"og:image\" content=\"http:\/\/p4431.phpnet.org\/wp-content\/uploads\/elementor\/thumbs\/photobedriven-1-o03h2x8injug4ufzhlg1x06skarjscktmyaq6fb8k4.jpg\" \/>\n<meta name=\"twitter:card\" content=\"summary_large_image\" \/>\n<meta name=\"twitter:label1\" content=\"Est. reading time\" \/>\n\t<meta name=\"twitter:data1\" content=\"1 minute\" \/>\n<script type=\"application\/ld+json\" class=\"yoast-schema-graph\">{\"@context\":\"https:\/\/schema.org\",\"@graph\":[{\"@type\":\"WebPage\",\"@id\":\"https:\/\/www.lcfdriver.com\/en\/transfer\/\",\"url\":\"https:\/\/www.lcfdriver.com\/en\/transfer\/\",\"name\":\"Transfer - LCF Driver\",\"isPartOf\":{\"@id\":\"https:\/\/www.lcfdriver.com\/en\/#website\"},\"primaryImageOfPage\":{\"@id\":\"https:\/\/www.lcfdriver.com\/en\/transfer\/#primaryimage\"},\"image\":{\"@id\":\"https:\/\/www.lcfdriver.com\/en\/transfer\/#primaryimage\"},\"thumbnailUrl\":\"http:\/\/p4431.phpnet.org\/wp-content\/uploads\/elementor\/thumbs\/photobedriven-1-o03h2x8injug4ufzhlg1x06skarjscktmyaq6fb8k4.jpg\",\"datePublished\":\"2019-03-07T21:42:23+00:00\",\"dateModified\":\"2019-03-07T21:43:31+00:00\",\"breadcrumb\":{\"@id\":\"https:\/\/www.lcfdriver.com\/en\/transfer\/#breadcrumb\"},\"inLanguage\":\"en-US\",\"potentialAction\":[{\"@type\":\"ReadAction\",\"target\":[\"https:\/\/www.lcfdriver.com\/en\/transfer\/\"]}]},{\"@type\":\"ImageObject\",\"inLanguage\":\"en-US\",\"@id\":\"https:\/\/www.lcfdriver.com\/en\/transfer\/#primaryimage\",\"url\":\"http:\/\/p4431.phpnet.org\/wp-content\/uploads\/elementor\/thumbs\/photobedriven-1-o03h2x8injug4ufzhlg1x06skarjscktmyaq6fb8k4.jpg\",\"contentUrl\":\"http:\/\/p4431.phpnet.org\/wp-content\/uploads\/elementor\/thumbs\/photobedriven-1-o03h2x8injug4ufzhlg1x06skarjscktmyaq6fb8k4.jpg\"},{\"@type\":\"BreadcrumbList\",\"@id\":\"https:\/\/www.lcfdriver.com\/en\/transfer\/#breadcrumb\",\"itemListElement\":[{\"@type\":\"ListItem\",\"position\":1,\"name\":\"Accueil\",\"item\":\"https:\/\/www.lcfdriver.com\/en\/\"},{\"@type\":\"ListItem\",\"position\":2,\"name\":\"Transfer\"}]},{\"@type\":\"WebSite\",\"@id\":\"https:\/\/www.lcfdriver.com\/en\/#website\",\"url\":\"https:\/\/www.lcfdriver.com\/en\/\",\"name\":\"LCF Driver\",\"description\":\"Luxe Conduite F\u00e9minit\u00e9\",\"potentialAction\":[{\"@type\":\"SearchAction\",\"target\":{\"@type\":\"EntryPoint\",\"urlTemplate\":\"https:\/\/www.lcfdriver.com\/en\/?s={search_term_string}\"},\"query-input\":{\"@type\":\"PropertyValueSpecification\",\"valueRequired\":true,\"valueName\":\"search_term_string\"}}],\"inLanguage\":\"en-US\"}]}<\/script>\n<!-- \/ Yoast SEO plugin. -->","yoast_head_json":{"title":"Transfer - LCF Driver","robots":{"index":"index","follow":"follow","max-snippet":"max-snippet:-1","max-image-preview":"max-image-preview:large","max-video-preview":"max-video-preview:-1"},"canonical":"https:\/\/www.lcfdriver.com\/en\/transfer\/","og_locale":"en_US","og_type":"article","og_title":"Transfer - LCF Driver","og_description":"Transfer of people in the Provence-Alpes-C\u00f4te d&#8217;Azur region In Marseille, Aix en Provence, throughout the Provence-Alpes-C\u00f4te d&#8217;Azur region, move with LCF Driver&#160;: car rental with driver. Professionals or individuals, you must go to the airport, train station or sea&#160;? More generally, no matter where you want to go, no matter where you arrive, or where [&hellip;]","og_url":"https:\/\/www.lcfdriver.com\/en\/transfer\/","og_site_name":"LCF Driver","article_modified_time":"2019-03-07T21:43:31+00:00","og_image":[{"url":"http:\/\/p4431.phpnet.org\/wp-content\/uploads\/elementor\/thumbs\/photobedriven-1-o03h2x8injug4ufzhlg1x06skarjscktmyaq6fb8k4.jpg","type":"","width":"","height":""}],"twitter_card":"summary_large_image","twitter_misc":{"Est. reading time":"1 minute"},"schema":{"@context":"https:\/\/schema.org","@graph":[{"@type":"WebPage","@id":"https:\/\/www.lcfdriver.com\/en\/transfer\/","url":"https:\/\/www.lcfdriver.com\/en\/transfer\/","name":"Transfer - LCF Driver","isPartOf":{"@id":"https:\/\/www.lcfdriver.com\/en\/#website"},"primaryImageOfPage":{"@id":"https:\/\/www.lcfdriver.com\/en\/transfer\/#primaryimage"},"image":{"@id":"https:\/\/www.lcfdriver.com\/en\/transfer\/#primaryimage"},"thumbnailUrl":"http:\/\/p4431.phpnet.org\/wp-content\/uploads\/elementor\/thumbs\/photobedriven-1-o03h2x8injug4ufzhlg1x06skarjscktmyaq6fb8k4.jpg","datePublished":"2019-03-07T21:42:23+00:00","dateModified":"2019-03-07T21:43:31+00:00","breadcrumb":{"@id":"https:\/\/www.lcfdriver.com\/en\/transfer\/#breadcrumb"},"inLanguage":"en-US","potentialAction":[{"@type":"ReadAction","target":["https:\/\/www.lcfdriver.com\/en\/transfer\/"]}]},{"@type":"ImageObject","inLanguage":"en-US","@id":"https:\/\/www.lcfdriver.com\/en\/transfer\/#primaryimage","url":"http:\/\/p4431.phpnet.org\/wp-content\/uploads\/elementor\/thumbs\/photobedriven-1-o03h2x8injug4ufzhlg1x06skarjscktmyaq6fb8k4.jpg","contentUrl":"http:\/\/p4431.phpnet.org\/wp-content\/uploads\/elementor\/thumbs\/photobedriven-1-o03h2x8injug4ufzhlg1x06skarjscktmyaq6fb8k4.jpg"},{"@type":"BreadcrumbList","@id":"https:\/\/www.lcfdriver.com\/en\/transfer\/#breadcrumb","itemListElement":[{"@type":"ListItem","position":1,"name":"Accueil","item":"https:\/\/www.lcfdriver.com\/en\/"},{"@type":"ListItem","position":2,"name":"Transfer"}]},{"@type":"WebSite","@id":"https:\/\/www.lcfdriver.com\/en\/#website","url":"https:\/\/www.lcfdriver.com\/en\/","name":"LCF Driver","description":"Luxe Conduite F\u00e9minit\u00e9","potentialAction":[{"@type":"SearchAction","target":{"@type":"EntryPoint","urlTemplate":"https:\/\/www.lcfdriver.com\/en\/?s={search_term_string}"},"query-input":{"@type":"PropertyValueSpecification","valueRequired":true,"valueName":"search_term_string"}}],"inLanguage":"en-US"}]}},"_links":{"self":[{"href":"https:\/\/www.lcfdriver.com\/en\/wp-json\/wp\/v2\/pages\/1746","targetHints":{"allow":["GET"]}}],"collection":[{"href":"https:\/\/www.lcfdriver.com\/en\/wp-json\/wp\/v2\/pages"}],"about":[{"href":"https:\/\/www.lcfdriver.com\/en\/wp-json\/wp\/v2\/types\/page"}],"author":[{"embeddable":true,"href":"https:\/\/www.lcfdriver.com\/en\/wp-json\/wp\/v2\/users\/4"}],"replies":[{"embeddable":true,"href":"https:\/\/www.lcfdriver.com\/en\/wp-json\/wp\/v2\/comments?post=1746"}],"version-history":[{"count":0,"href":"https:\/\/www.lcfdriver.com\/en\/wp-json\/wp\/v2\/pages\/1746\/revisions"}],"wp:attachment":[{"href":"https:\/\/www.lcfdriver.com\/en\/wp-json\/wp\/v2\/media?parent=1746"}],"curies":[{"name":"wp","href":"https:\/\/api.w.org\/{rel}","templated":true}]}}